{"id":172,"date":"2025-06-10T01:29:38","date_gmt":"2025-06-10T01:29:38","guid":{"rendered":"http:\/\/www.feritbekaroglu.com\/?page_id=172"},"modified":"2025-07-26T13:00:45","modified_gmt":"2025-07-26T13:00:45","slug":"ceza-hukuku","status":"publish","type":"page","link":"https:\/\/www.feritbekaroglu.com\/en\/ceza-hukuku\/","title":{"rendered":"Criminal Law"},"content":{"rendered":"<h1>Criminal Law<\/h1>\n<p style=\"text-align:justify;\">\nCriminal law plays a critical role in ensuring justice as a branch of law that directly affects the fundamental rights and freedoms of individuals. Our office adopts the principle of fair trial as a fundamental principle by providing effective legal support to our clients at every stage of criminal investigations. We provide strategic consultancy to our clients in detention, arrest, right to defense, appeal and cassation processes, and meticulously carry out detailed processes such as evidence collection and expert examinations. We exhibit a professional approach appropriate to the seriousness of criminal trials by offering special solutions specific to each file in a wide range from serious criminal cases to simple criminal charges.\n<\/p>\n<p style=\"text-align:justify;\">\n<a href=\"\/en\/category\/ceza-hukuku\/\"><strong>Ceza Hukuku ile ilgili yaz\u0131lar\u0131m\u0131z i\u00e7in t\u0131klay\u0131n<\/strong><\/a><\/p>","protected":false},"excerpt":{"rendered":"<p>Ceza Hukuku Ceza hukuku, bireylerin temel hak ve \u00f6zg\u00fcrl\u00fcklerini do\u011frudan etkileyen bir hukuk dal\u0131 olarak, adaletin sa\u011flanmas\u0131nda kritik bir rol oynamaktad\u0131r. B\u00fcromuz, m\u00fcvekkillerine ceza soru\u015fturmalar\u0131n\u0131n her a\u015famas\u0131nda etkin hukuki destek sunarak, adil yarg\u0131lanma ilkesinin korunmas\u0131n\u0131 temel ilke olarak benimsemektedir. G\u00f6zalt\u0131, tutuklama, savunma hakk\u0131, istinaf ve temyiz s\u00fcre\u00e7lerinde m\u00fcvekkillerimize stratejik dan\u0131\u015fmanl\u0131k sa\u011fl\u0131yor, delil toplama ve bilirki\u015fi [&hellip;]<\/p>\n","protected":false},"author":1,"featured_media":210,"parent":0,"menu_order":0,"comment_status":"closed","ping_status":"closed","template":"","meta":{"footnotes":""},"class_list":["post-172","page","type-page","status-publish","has-post-thumbnail","hentry"],"_links":{"self":[{"href":"https:\/\/www.feritbekaroglu.com\/en\/wp-json\/wp\/v2\/pages\/172","targetHints":{"allow":["GET"]}}],"collection":[{"href":"https:\/\/www.feritbekaroglu.com\/en\/wp-json\/wp\/v2\/pages"}],"about":[{"href":"https:\/\/www.feritbekaroglu.com\/en\/wp-json\/wp\/v2\/types\/page"}],"author":[{"embeddable":true,"href":"https:\/\/www.feritbekaroglu.com\/en\/wp-json\/wp\/v2\/users\/1"}],"replies":[{"embeddable":true,"href":"https:\/\/www.feritbekaroglu.com\/en\/wp-json\/wp\/v2\/comments?post=172"}],"version-history":[{"count":7,"href":"https:\/\/www.feritbekaroglu.com\/en\/wp-json\/wp\/v2\/pages\/172\/revisions"}],"predecessor-version":[{"id":510,"href":"https:\/\/www.feritbekaroglu.com\/en\/wp-json\/wp\/v2\/pages\/172\/revisions\/510"}],"wp:featuredmedia":[{"embeddable":true,"href":"https:\/\/www.feritbekaroglu.com\/en\/wp-json\/wp\/v2\/media\/210"}],"wp:attachment":[{"href":"https:\/\/www.feritbekaroglu.com\/en\/wp-json\/wp\/v2\/media?parent=172"}],"curies":[{"name":"wp","href":"https:\/\/api.w.org\/{rel}","templated":true}]}}