{"id":42,"date":"2018-07-16T11:24:26","date_gmt":"2018-07-16T11:24:26","guid":{"rendered":"http:\/\/demo.acmethemes.com\/lawyer-zone\/?page_id=180"},"modified":"2026-02-10T12:09:23","modified_gmt":"2026-02-10T12:09:23","slug":"iletisim","status":"publish","type":"page","link":"https:\/\/www.feritbekaroglu.com\/en\/iletisim\/","title":{"rendered":"Contact"},"content":{"rendered":"<div id=\"pl-42\"  class=\"panel-layout\" ><div id=\"pg-42-0\"  class=\"panel-grid panel-no-style\" ><div id=\"pgc-42-0-0\"  class=\"panel-grid-cell\" ><div id=\"panel-42-0-0-0\" class=\"so-panel widget widget_sow-hero panel-first-child\" data-index=\"0\" ><div\n\t\t\t\n\t\t\tclass=\"so-widget-sow-hero so-widget-sow-hero-default-644633124745-42 so-widget-fittext-wrapper\"\n\t\t\t data-fit-text-compressor=\"0.85\"\n\t\t>\t\t\t\t<div class=\"sow-slider-base\" style=\"display: none\" tabindex=\"0\">\n\t\t\t\t\t<ul\n\t\t\t\t\tclass=\"sow-slider-images\"\n\t\t\t\t\tdata-settings=\"{&quot;pagination&quot;:true,&quot;speed&quot;:800,&quot;timeout&quot;:8000,&quot;paused&quot;:false,&quot;pause_on_hover&quot;:false,&quot;swipe&quot;:true,&quot;nav_always_show_desktop&quot;:&quot;&quot;,&quot;nav_always_show_mobile&quot;:&quot;&quot;,&quot;breakpoint&quot;:&quot;780px&quot;,&quot;unmute&quot;:false,&quot;anchor&quot;:null}\"\n\t\t\t\t\tstyle=\"min-height: 455px\"\t\t\t\t\tdata-anchor-id=\"\"\n\t\t\t\t>\t\t<li class=\"sow-slider-image  sow-slider-image-cover lazyload\" style=\"visibility: visible;;background-color: #333333;background-image:inherit\"  data-bg-image=\"url(https:\/\/www.feritbekaroglu.com\/wp-content\/uploads\/2026\/02\/Bosphorus_strait_banner-scaled.jpg)\">\n\t\t\t\t\t<div class=\"sow-slider-image-container\">\n\t\t\t<div class=\"sow-slider-image-wrapper\">\n\t\t\t\t\t\t\t<\/div>\n\t\t<\/div>\n\t\t\t\t<\/li>\n\t\t<\/ul>\t\t\t\t<ol class=\"sow-slider-pagination\">\n\t\t\t\t\t\t\t\t\t\t\t<li><a href=\"#\" data-goto=\"0\" aria-label=\"Display slide 1\"><\/a><\/li>\n\t\t\t\t\t\t\t\t\t<\/ol>\n\n\t\t\t\t<div class=\"sow-slide-nav sow-slide-nav-next\">\n\t\t\t\t\t<a href=\"#\" data-goto=\"next\" aria-label=\"Next slide\" data-action=\"next\">\n\t\t\t\t\t\t<em class=\"sow-sld-icon-thin-right\"><\/em>\n\t\t\t\t\t<\/a>\n\t\t\t\t<\/div>\n\n\t\t\t\t<div class=\"sow-slide-nav sow-slide-nav-prev\">\n\t\t\t\t\t<a href=\"#\" data-goto=\"previous\" aria-label=\"Previous slide\" data-action=\"prev\">\n\t\t\t\t\t\t<em class=\"sow-sld-icon-thin-left\"><\/em>\n\t\t\t\t\t<\/a>\n\t\t\t\t<\/div>\n\t\t\t\t<\/div><\/div><\/div><div id=\"panel-42-0-0-1\" class=\"so-panel widget widget_lawyer_zone_contact panel-last-child\" data-index=\"1\" >            <section id=\"lawyer_zone_contact-3\" class=\"at-widgets acme-contact at-gray-bg\">\r\n                <div class=\"contact-form\">\r\n                    <div class=\"container\">\r\n                        <div class=\"row\">\r\n                            <div class='at-widget-title-wrapper'><h3 class=\"widget-title\">Contact<\/h3><\/div>                            <div class=\"col-md-12 init-animate zoomIn\">\r\n                                                            <\/div>\r\n\r\n                        <\/div>\r\n                    <\/div>\r\n                <\/div>\r\n            <\/section>\r\n            <\/div><\/div><\/div><div id=\"pg-42-1\"  class=\"panel-grid panel-no-style\" ><div id=\"pgc-42-1-0\"  class=\"panel-grid-cell\" ><div class=\"panel-cell-style panel-cell-style-for-42-1-0\" ><div id=\"panel-42-1-0-0\" class=\"widget_text so-panel widget widget_custom_html panel-first-child panel-last-child\" data-index=\"2\" ><div class=\"textwidget custom-html-widget\"><iframe data-src=\"https:\/\/www.google.com\/maps\/embed?pb=!1m18!1m12!1m3!1d3007.346623355448!2d28.976449477299386!3d41.0832726148018!2m3!1f0!2f0!3f0!3m2!1i1024!2i768!4f13.1!3m3!1m2!1s0x14cab6ea250585d7%3A0xdf23dae04b0aaf40!2zTmVmIEthxJ_EsXRoYW5lIDAz!5e0!3m2!1str!2str!4v1770663412212!5m2!1str!2str\" width=\"600\" height=\"450\" style=\"border:0;\" allowfullscreen=\"\" referrerpolicy=\"no-referrer-when-downgrade\" src=\"data:image\/svg+xml;base64,PHN2ZyB3aWR0aD0iMSIgaGVpZ2h0PSIxIiB4bWxucz0iaHR0cDovL3d3dy53My5vcmcvMjAwMC9zdmciPjwvc3ZnPg==\" class=\"lazyload\" data-load-mode=\"1\"><\/iframe><\/div><\/div><\/div><\/div><div id=\"pgc-42-1-1\"  class=\"panel-grid-cell\" ><div id=\"panel-42-1-1-0\" class=\"so-panel widget widget_sow-editor panel-first-child panel-last-child\" data-index=\"3\" ><div\n\t\t\t\n\t\t\tclass=\"so-widget-sow-editor so-widget-sow-editor-base\"\n\t\t\t\n\t\t>\n<div class=\"siteorigin-widget-tinymce textwidget\">\n\t<h2 class=\"translation-block\"><strong>Working Hours<br>\n<\/strong>Monday \u2013 Friday<br>\n09:00 \u2013 18:00<br>\nSaturday \u2013 Sunday<br>\nClosed<\/h2>\n<h2><strong>Contact<\/strong><br \/>\n+90 537 406 94 08<br \/>\ninfo@feritbekaroglu.com<br \/>\n<a href=\"https:\/\/wa.me\/905374069408?text=Merhaba%2C%20dilek%C3%A7e%20yazd%C4%B1rmak%20istiyorum.\" target=\"_blank\" rel=\"noopener\"><img decoding=\"async\" class=\"alignnone wp-image-601 lazyload\" data-src=\"https:\/\/www.feritbekaroglu.com\/wp-content\/uploads\/2026\/02\/3536445.png\" alt=\"\" width=\"35\" height=\"35\" data-srcset=\"https:\/\/www.feritbekaroglu.com\/wp-content\/uploads\/2026\/02\/3536445.png 128w, https:\/\/www.feritbekaroglu.com\/wp-content\/uploads\/2026\/02\/3536445-12x12.png 12w\" data-sizes=\"(max-width: 35px) 100vw, 35px\" src=\"data:image\/svg+xml;base64,PHN2ZyB3aWR0aD0iMSIgaGVpZ2h0PSIxIiB4bWxucz0iaHR0cDovL3d3dy53My5vcmcvMjAwMC9zdmciPjwvc3ZnPg==\" style=\"--smush-placeholder-width: 35px; --smush-placeholder-aspect-ratio: 35\/35;\" \/><\/a> <a href=\"https:\/\/www.feritbekaroglu.com\/wp-content\/uploads\/2026\/02\/Image_20260210145638_1_2.jpg\"><img decoding=\"async\" class=\"alignnone wp-image-602 lazyload\" data-src=\"https:\/\/www.feritbekaroglu.com\/wp-content\/uploads\/2026\/02\/3992638.png\" alt=\"\" width=\"35\" height=\"35\" data-srcset=\"https:\/\/www.feritbekaroglu.com\/wp-content\/uploads\/2026\/02\/3992638.png 128w, https:\/\/www.feritbekaroglu.com\/wp-content\/uploads\/2026\/02\/3992638-12x12.png 12w\" data-sizes=\"(max-width: 35px) 100vw, 35px\" src=\"data:image\/svg+xml;base64,PHN2ZyB3aWR0aD0iMSIgaGVpZ2h0PSIxIiB4bWxucz0iaHR0cDovL3d3dy53My5vcmcvMjAwMC9zdmciPjwvc3ZnPg==\" style=\"--smush-placeholder-width: 35px; --smush-placeholder-aspect-ratio: 35\/35;\" \/><\/a><\/h2>\n<h2 class=\"translation-block\"><strong>Adress<\/strong><br>\nBegonvil Street. Nef03 Residence No:1\/A Merkez\/Ka\u011f\u0131thane\/\u0130stanbul<\/h2>\n<h2 class=\"textwidget\"><\/h2>\n<h2><\/h2>\n<\/div>\n<\/div><\/div><\/div><\/div><\/div>","protected":false},"excerpt":{"rendered":"<p>\u00c7al\u0131\u015fma Saatlerimiz Pazartesi \u2013 Cuma 09:00 \u2013 18:00 Cumartesi \u2013 Pazar Kapal\u0131 \u0130leti\u015fim +90 537 406 94 08 info@feritbekaroglu.com Adres Merkez Mah. Begonvil Sokak. Nef 03 1\/A Ka\u011f\u0131thane\/\u0130stanbul<\/p>","protected":false},"author":1,"featured_media":0,"parent":0,"menu_order":0,"comment_status":"closed","ping_status":"closed","template":"page-templates\/template-builder.php","meta":{"footnotes":""},"class_list":["post-42","page","type-page","status-publish","hentry"],"_links":{"self":[{"href":"https:\/\/www.feritbekaroglu.com\/en\/wp-json\/wp\/v2\/pages\/42","targetHints":{"allow":["GET"]}}],"collection":[{"href":"https:\/\/www.feritbekaroglu.com\/en\/wp-json\/wp\/v2\/pages"}],"about":[{"href":"https:\/\/www.feritbekaroglu.com\/en\/wp-json\/wp\/v2\/types\/page"}],"author":[{"embeddable":true,"href":"https:\/\/www.feritbekaroglu.com\/en\/wp-json\/wp\/v2\/users\/1"}],"replies":[{"embeddable":true,"href":"https:\/\/www.feritbekaroglu.com\/en\/wp-json\/wp\/v2\/comments?post=42"}],"version-history":[{"count":86,"href":"https:\/\/www.feritbekaroglu.com\/en\/wp-json\/wp\/v2\/pages\/42\/revisions"}],"predecessor-version":[{"id":607,"href":"https:\/\/www.feritbekaroglu.com\/en\/wp-json\/wp\/v2\/pages\/42\/revisions\/607"}],"wp:attachment":[{"href":"https:\/\/www.feritbekaroglu.com\/en\/wp-json\/wp\/v2\/media?parent=42"}],"curies":[{"name":"wp","href":"https:\/\/api.w.org\/{rel}","templated":true}]}}