{"id":46,"date":"2018-07-16T11:18:07","date_gmt":"2018-07-16T11:18:07","guid":{"rendered":"http:\/\/demo.acmethemes.com\/lawyer-zone\/?page_id=162"},"modified":"2026-02-10T12:23:50","modified_gmt":"2026-02-10T12:23:50","slug":"ekibimiz","status":"publish","type":"page","link":"https:\/\/www.feritbekaroglu.com\/en\/ekibimiz\/","title":{"rendered":"Our Team"},"content":{"rendered":"<div id=\"pl-46\"  class=\"panel-layout\" ><div id=\"pg-46-0\"  class=\"panel-grid panel-no-style\" ><div id=\"pgc-46-0-0\"  class=\"panel-grid-cell\" ><div id=\"panel-46-0-0-0\" class=\"so-panel widget widget_lawyer_zone_team panel-first-child\" data-index=\"0\" >            <section id=\"lawyer_zone_team-3\" class=\"at-widgets acme-teams at-gray-bg\">\r\n                <div class=\"container\">\r\n\t               <div class='at-widget-title-wrapper'><h3 class=\"widget-title\">Our Team<\/h3><\/div>                    <div class=\"row featured-entries-col featured-entries-logo\">\r\n                                            <\/div><!--row-->\r\n                <\/div>\r\n            <\/section>\r\n            <\/div><div id=\"panel-46-0-0-1\" class=\"so-panel widget widget_lawyer_zone_team\" data-index=\"1\" >            <section id=\"lawyer_zone_team-3\" class=\"at-widgets acme-teams\">\r\n                <div class=\"container\">\r\n\t                                   <div class=\"row featured-entries-col featured-entries-logo\">\r\n                                                            <div class=\"single-list col-sm-4 col-md-4\">\r\n                                        <div class=\"team-item init-animate zoomIn\">\r\n                                            <div class=\"team-author\">\r\n                                                <div class=\"team-img-box\">\r\n                                                    <a href=\"https:\/\/www.feritbekaroglu.com\/en\/av-ferit-gorkem-bekaroglu\/\" class=\"all-link\"><img decoding=\"async\" width=\"1076\" height=\"1311\" data-src=\"https:\/\/www.feritbekaroglu.com\/wp-content\/uploads\/2026\/02\/KUT_8807-1-1-1.jpg\" class=\"attachment-full size-full wp-post-image lazyload\" alt=\"\" data-srcset=\"https:\/\/www.feritbekaroglu.com\/wp-content\/uploads\/2026\/02\/KUT_8807-1-1-1.jpg 1076w, https:\/\/www.feritbekaroglu.com\/wp-content\/uploads\/2026\/02\/KUT_8807-1-1-1-246x300.jpg 246w, https:\/\/www.feritbekaroglu.com\/wp-content\/uploads\/2026\/02\/KUT_8807-1-1-1-840x1024.jpg 840w, https:\/\/www.feritbekaroglu.com\/wp-content\/uploads\/2026\/02\/KUT_8807-1-1-1-768x936.jpg 768w, https:\/\/www.feritbekaroglu.com\/wp-content\/uploads\/2026\/02\/KUT_8807-1-1-1-10x12.jpg 10w\" data-sizes=\"(max-width: 1076px) 100vw, 1076px\" src=\"data:image\/svg+xml;base64,PHN2ZyB3aWR0aD0iMSIgaGVpZ2h0PSIxIiB4bWxucz0iaHR0cDovL3d3dy53My5vcmcvMjAwMC9zdmciPjwvc3ZnPg==\" style=\"--smush-placeholder-width: 1076px; --smush-placeholder-aspect-ratio: 1076\/1311;\" \/><\/a>                                                <\/div>\r\n                                                <div class=\"team-author-details\">\r\n                                                    <h3 class=\"team-name\">\r\n\t\t                                                <a href=\"https:\/\/www.feritbekaroglu.com\/en\/av-ferit-gorkem-bekaroglu\/\" class=\"all-link\">Av. Ferit G\u00f6rkem Bekaro\u011flu<\/a>                                                    <\/h3>\r\n                                                                                                            <div class=\"team-details\">\r\n\t\t                                                    <p>Attorney Ferit G\u00f6rkem Bekaro\u011flu graduated from MEF University Faculty of Law in 2022. Following his mandatory legal internship, he has been actively practicing law for 3 years.<\/p>\n                                                        <\/div>\r\n\t                                                                                                    <\/div>\r\n                                            <\/div>\r\n                                        <\/div>\r\n                                    <\/div>\r\n                                                                        <div class=\"single-list col-sm-4 col-md-4\">\r\n                                        <div class=\"team-item init-animate zoomIn\">\r\n                                            <div class=\"team-author\">\r\n                                                <div class=\"team-img-box\">\r\n                                                    <a href=\"https:\/\/www.feritbekaroglu.com\/en\/av-selin-seher-aydin\/\" class=\"all-link\"><img decoding=\"async\" width=\"1076\" height=\"1311\" data-src=\"https:\/\/www.feritbekaroglu.com\/wp-content\/uploads\/2025\/07\/c3378c80-bfaa-400d-b683-640b290368e0.jpeg\" class=\"attachment-full size-full wp-post-image lazyload\" alt=\"Av. Selin Seher Ayd\u0131n\" data-srcset=\"https:\/\/www.feritbekaroglu.com\/wp-content\/uploads\/2025\/07\/c3378c80-bfaa-400d-b683-640b290368e0.jpeg 1076w, https:\/\/www.feritbekaroglu.com\/wp-content\/uploads\/2025\/07\/c3378c80-bfaa-400d-b683-640b290368e0-246x300.jpeg 246w, https:\/\/www.feritbekaroglu.com\/wp-content\/uploads\/2025\/07\/c3378c80-bfaa-400d-b683-640b290368e0-840x1024.jpeg 840w, https:\/\/www.feritbekaroglu.com\/wp-content\/uploads\/2025\/07\/c3378c80-bfaa-400d-b683-640b290368e0-768x936.jpeg 768w, https:\/\/www.feritbekaroglu.com\/wp-content\/uploads\/2025\/07\/c3378c80-bfaa-400d-b683-640b290368e0-10x12.jpeg 10w\" data-sizes=\"(max-width: 1076px) 100vw, 1076px\" src=\"data:image\/svg+xml;base64,PHN2ZyB3aWR0aD0iMSIgaGVpZ2h0PSIxIiB4bWxucz0iaHR0cDovL3d3dy53My5vcmcvMjAwMC9zdmciPjwvc3ZnPg==\" style=\"--smush-placeholder-width: 1076px; --smush-placeholder-aspect-ratio: 1076\/1311;\" \/><\/a>                                                <\/div>\r\n                                                <div class=\"team-author-details\">\r\n                                                    <h3 class=\"team-name\">\r\n\t\t                                                <a href=\"https:\/\/www.feritbekaroglu.com\/en\/av-selin-seher-aydin\/\" class=\"all-link\">Av. Selin Seher Ayd\u0131n<\/a>                                                    <\/h3>\r\n                                                                                                            <div class=\"team-details\">\r\n\t\t                                                    <p>Attorney Selin Seher Ayd\u0131n graduated from Ya\u015far University Faculty of Law in 2022. Following her mandatory legal internship, she has been actively practicing law for 3 years.<\/p>\n                                                        <\/div>\r\n\t                                                                                                    <\/div>\r\n                                            <\/div>\r\n                                        <\/div>\r\n                                    <\/div>\r\n                                                                        <div class=\"single-list col-sm-4 col-md-4\">\r\n                                        <div class=\"team-item init-animate zoomIn\">\r\n                                            <div class=\"team-author\">\r\n                                                <div class=\"team-img-box\">\r\n                                                    <a href=\"https:\/\/www.feritbekaroglu.com\/en\/izgi-sena-cagras\/\" class=\"all-link\"><img decoding=\"async\" width=\"1076\" height=\"1311\" data-src=\"https:\/\/www.feritbekaroglu.com\/wp-content\/uploads\/2026\/02\/WhatsApp-Image-2026-02-10-at-15.jpg\" class=\"attachment-full size-full wp-post-image lazyload\" alt=\"\" data-srcset=\"https:\/\/www.feritbekaroglu.com\/wp-content\/uploads\/2026\/02\/WhatsApp-Image-2026-02-10-at-15.jpg 1076w, https:\/\/www.feritbekaroglu.com\/wp-content\/uploads\/2026\/02\/WhatsApp-Image-2026-02-10-at-15-246x300.jpg 246w, https:\/\/www.feritbekaroglu.com\/wp-content\/uploads\/2026\/02\/WhatsApp-Image-2026-02-10-at-15-840x1024.jpg 840w, https:\/\/www.feritbekaroglu.com\/wp-content\/uploads\/2026\/02\/WhatsApp-Image-2026-02-10-at-15-768x936.jpg 768w, https:\/\/www.feritbekaroglu.com\/wp-content\/uploads\/2026\/02\/WhatsApp-Image-2026-02-10-at-15-10x12.jpg 10w\" data-sizes=\"(max-width: 1076px) 100vw, 1076px\" src=\"data:image\/svg+xml;base64,PHN2ZyB3aWR0aD0iMSIgaGVpZ2h0PSIxIiB4bWxucz0iaHR0cDovL3d3dy53My5vcmcvMjAwMC9zdmciPjwvc3ZnPg==\" style=\"--smush-placeholder-width: 1076px; --smush-placeholder-aspect-ratio: 1076\/1311;\" \/><\/a>                                                <\/div>\r\n                                                <div class=\"team-author-details\">\r\n                                                    <h3 class=\"team-name\">\r\n\t\t                                                <a href=\"https:\/\/www.feritbekaroglu.com\/en\/izgi-sena-cagras\/\" class=\"all-link\">\u0130zgi Sena \u00c7a\u011fra\u015f<\/a>                                                    <\/h3>\r\n                                                                                                            <div class=\"team-details\">\r\n\t\t                                                    <p>\u0130zgi Sena \u00c7a\u011fra\u015f graduated from Ankara University of Social Sciences, Department of English Language and Literature in 2023. She has been working as a \tSworn Translator for 2 years.<\/p>\n                                                        <\/div>\r\n\t                                                                                                    <\/div>\r\n                                            <\/div>\r\n                                        <\/div>\r\n                                    <\/div>\r\n                                                        <\/div><!--row-->\r\n                <\/div>\r\n            <\/section>\r\n            <\/div><div id=\"panel-46-0-0-2\" class=\"so-panel widget widget_text panel-last-child\" data-index=\"2\" >\t\t\t<div class=\"textwidget\"><h1 style=\"position:absolute; left:-9999px; top:auto; width:1px; height:1px; overflow:hidden;\">Our Team<\/h1>\n<\/div>\n\t\t<\/div><\/div><\/div><\/div>","protected":false},"excerpt":{"rendered":"<p>Our Team<\/p>","protected":false},"author":1,"featured_media":0,"parent":0,"menu_order":0,"comment_status":"closed","ping_status":"closed","template":"page-templates\/template-builder.php","meta":{"footnotes":""},"class_list":["post-46","page","type-page","status-publish","hentry"],"_links":{"self":[{"href":"https:\/\/www.feritbekaroglu.com\/en\/wp-json\/wp\/v2\/pages\/46","targetHints":{"allow":["GET"]}}],"collection":[{"href":"https:\/\/www.feritbekaroglu.com\/en\/wp-json\/wp\/v2\/pages"}],"about":[{"href":"https:\/\/www.feritbekaroglu.com\/en\/wp-json\/wp\/v2\/types\/page"}],"author":[{"embeddable":true,"href":"https:\/\/www.feritbekaroglu.com\/en\/wp-json\/wp\/v2\/users\/1"}],"replies":[{"embeddable":true,"href":"https:\/\/www.feritbekaroglu.com\/en\/wp-json\/wp\/v2\/comments?post=46"}],"version-history":[{"count":23,"href":"https:\/\/www.feritbekaroglu.com\/en\/wp-json\/wp\/v2\/pages\/46\/revisions"}],"predecessor-version":[{"id":616,"href":"https:\/\/www.feritbekaroglu.com\/en\/wp-json\/wp\/v2\/pages\/46\/revisions\/616"}],"wp:attachment":[{"href":"https:\/\/www.feritbekaroglu.com\/en\/wp-json\/wp\/v2\/media?parent=46"}],"curies":[{"name":"wp","href":"https:\/\/api.w.org\/{rel}","templated":true}]}}