{"id":515,"date":"2025-07-26T13:08:49","date_gmt":"2025-07-26T13:08:49","guid":{"rendered":"https:\/\/www.feritbekaroglu.com\/?page_id=515"},"modified":"2025-07-26T13:19:55","modified_gmt":"2025-07-26T13:19:55","slug":"aile-hukuku","status":"publish","type":"page","link":"https:\/\/www.feritbekaroglu.com\/en\/aile-hukuku\/","title":{"rendered":"Family Law"},"content":{"rendered":"<h1>Family Law<\/h1>\n<p style=\"text-align:justify;\">\nAile hukuku, bireylerin en ki\u015fisel ili\u015fkilerini konu alan ve bu nedenle hassasiyet gerektiren bir hukuk dal\u0131d\u0131r. B\u00fcromuz, bo\u015fanma, mal rejimi tasfiyesi, velayet, nafaka ve soyba\u011f\u0131 davalar\u0131nda m\u00fcvekkillerine g\u00fcvene dayal\u0131, sonu\u00e7 odakl\u0131 hukuki destek sunar. Anla\u015fmal\u0131 ya da \u00e7eki\u015fmeli s\u00fcre\u00e7lerde do\u011fru stratejiyle ilerliyor, arabuluculuk ve dava a\u015famalar\u0131nda m\u00fcvekkil haklar\u0131n\u0131 en etkin bi\u00e7imde savunuyoruz. Psikolojik, sosyal ve ekonomik boyutlar\u0131 g\u00f6z \u00f6n\u00fcnde bulundurarak her olay\u0131 b\u00fct\u00fcnc\u00fcl de\u011ferlendiriyor, aile birli\u011finin korunmas\u0131 ya da adil bir sona erdirilmesi i\u00e7in profesyonel \u00e7\u00f6z\u00fcm \u00fcretiyoruz.\n<\/p>\n<p style=\"text-align:justify;\">\n<a href=\"\/en\/category\/aile-hukuku\/\"><strong>Aile Hukuku ile ilgili yaz\u0131lar\u0131m\u0131z i\u00e7in t\u0131klay\u0131n<\/strong><\/a><\/p>","protected":false},"excerpt":{"rendered":"<p>Aile Hukuku Aile hukuku, bireylerin en ki\u015fisel ili\u015fkilerini konu alan ve bu nedenle hassasiyet gerektiren bir hukuk dal\u0131d\u0131r. B\u00fcromuz, bo\u015fanma, mal rejimi tasfiyesi, velayet, nafaka ve soyba\u011f\u0131 davalar\u0131nda m\u00fcvekkillerine g\u00fcvene dayal\u0131, sonu\u00e7 odakl\u0131 hukuki destek sunar. Anla\u015fmal\u0131 ya da \u00e7eki\u015fmeli s\u00fcre\u00e7lerde do\u011fru stratejiyle ilerliyor, arabuluculuk ve dava a\u015famalar\u0131nda m\u00fcvekkil haklar\u0131n\u0131 en etkin bi\u00e7imde savunuyoruz. Psikolojik, [&hellip;]<\/p>\n","protected":false},"author":1,"featured_media":516,"parent":0,"menu_order":0,"comment_status":"closed","ping_status":"closed","template":"","meta":{"footnotes":""},"class_list":["post-515","page","type-page","status-publish","has-post-thumbnail","hentry"],"_links":{"self":[{"href":"https:\/\/www.feritbekaroglu.com\/en\/wp-json\/wp\/v2\/pages\/515","targetHints":{"allow":["GET"]}}],"collection":[{"href":"https:\/\/www.feritbekaroglu.com\/en\/wp-json\/wp\/v2\/pages"}],"about":[{"href":"https:\/\/www.feritbekaroglu.com\/en\/wp-json\/wp\/v2\/types\/page"}],"author":[{"embeddable":true,"href":"https:\/\/www.feritbekaroglu.com\/en\/wp-json\/wp\/v2\/users\/1"}],"replies":[{"embeddable":true,"href":"https:\/\/www.feritbekaroglu.com\/en\/wp-json\/wp\/v2\/comments?post=515"}],"version-history":[{"count":2,"href":"https:\/\/www.feritbekaroglu.com\/en\/wp-json\/wp\/v2\/pages\/515\/revisions"}],"predecessor-version":[{"id":529,"href":"https:\/\/www.feritbekaroglu.com\/en\/wp-json\/wp\/v2\/pages\/515\/revisions\/529"}],"wp:featuredmedia":[{"embeddable":true,"href":"https:\/\/www.feritbekaroglu.com\/en\/wp-json\/wp\/v2\/media\/516"}],"wp:attachment":[{"href":"https:\/\/www.feritbekaroglu.com\/en\/wp-json\/wp\/v2\/media?parent=515"}],"curies":[{"name":"wp","href":"https:\/\/api.w.org\/{rel}","templated":true}]}}