{"id":518,"date":"2025-07-26T13:10:46","date_gmt":"2025-07-26T13:10:46","guid":{"rendered":"https:\/\/www.feritbekaroglu.com\/?page_id=518"},"modified":"2025-07-26T13:18:54","modified_gmt":"2025-07-26T13:18:54","slug":"vergi-hukuku","status":"publish","type":"page","link":"https:\/\/www.feritbekaroglu.com\/en\/vergi-hukuku\/","title":{"rendered":"Vergi Hukuku"},"content":{"rendered":"<h1>Vergi Hukuku <\/h1>\n<p style=\"text-align:justify;\">\nVergi hukuku, devletle birey ya da \u015firketler aras\u0131ndaki mali ili\u015fkileri d\u00fczenlerken, idari yapt\u0131r\u0131mlarla kar\u015f\u0131la\u015fmamak i\u00e7in y\u00fcksek d\u00fczeyde teknik bilgi ve dikkat gerektirir. B\u00fcromuz, vergi uyu\u015fmazl\u0131klar\u0131, vergi cezalar\u0131, tarhiyat i\u015flemleri, uzla\u015fma ve dava s\u00fcre\u00e7lerinde m\u00fcvekkillerine detayl\u0131 analiz ve stratejik dan\u0131\u015fmanl\u0131k sa\u011flar. Vergi incelemeleri s\u0131ras\u0131nda haklar\u0131n korunmas\u0131ndan, vergi mahkemesi nezdindeki itirazlara kadar t\u00fcm s\u00fcre\u00e7lerde etkin temsil sunuyoruz. Karma\u015f\u0131k vergi yap\u0131lar\u0131, transfer fiyatland\u0131rmas\u0131 ve uluslararas\u0131 vergilendirme konular\u0131nda da ileri d\u00fczey bilgiyle \u00e7\u00f6z\u00fcm geli\u015ftiriyoruz.\n<\/p>\n<p style=\"text-align:justify;\">\n<a href=\"\/en\/category\/vergi-hukuku\/\"><strong>Vergi Hukuku ile ilgili yaz\u0131lar\u0131m\u0131z i\u00e7in t\u0131klay\u0131n<\/strong><\/a><\/p>","protected":false},"excerpt":{"rendered":"<p>Vergi Hukuku Vergi hukuku, devletle birey ya da \u015firketler aras\u0131ndaki mali ili\u015fkileri d\u00fczenlerken, idari yapt\u0131r\u0131mlarla kar\u015f\u0131la\u015fmamak i\u00e7in y\u00fcksek d\u00fczeyde teknik bilgi ve dikkat gerektirir. B\u00fcromuz, vergi uyu\u015fmazl\u0131klar\u0131, vergi cezalar\u0131, tarhiyat i\u015flemleri, uzla\u015fma ve dava s\u00fcre\u00e7lerinde m\u00fcvekkillerine detayl\u0131 analiz ve stratejik dan\u0131\u015fmanl\u0131k sa\u011flar. Vergi incelemeleri s\u0131ras\u0131nda haklar\u0131n korunmas\u0131ndan, vergi mahkemesi nezdindeki itirazlara kadar t\u00fcm s\u00fcre\u00e7lerde etkin [&hellip;]<\/p>\n","protected":false},"author":1,"featured_media":519,"parent":0,"menu_order":0,"comment_status":"closed","ping_status":"closed","template":"","meta":{"footnotes":""},"class_list":["post-518","page","type-page","status-publish","has-post-thumbnail","hentry"],"_links":{"self":[{"href":"https:\/\/www.feritbekaroglu.com\/en\/wp-json\/wp\/v2\/pages\/518","targetHints":{"allow":["GET"]}}],"collection":[{"href":"https:\/\/www.feritbekaroglu.com\/en\/wp-json\/wp\/v2\/pages"}],"about":[{"href":"https:\/\/www.feritbekaroglu.com\/en\/wp-json\/wp\/v2\/types\/page"}],"author":[{"embeddable":true,"href":"https:\/\/www.feritbekaroglu.com\/en\/wp-json\/wp\/v2\/users\/1"}],"replies":[{"embeddable":true,"href":"https:\/\/www.feritbekaroglu.com\/en\/wp-json\/wp\/v2\/comments?post=518"}],"version-history":[{"count":3,"href":"https:\/\/www.feritbekaroglu.com\/en\/wp-json\/wp\/v2\/pages\/518\/revisions"}],"predecessor-version":[{"id":528,"href":"https:\/\/www.feritbekaroglu.com\/en\/wp-json\/wp\/v2\/pages\/518\/revisions\/528"}],"wp:featuredmedia":[{"embeddable":true,"href":"https:\/\/www.feritbekaroglu.com\/en\/wp-json\/wp\/v2\/media\/519"}],"wp:attachment":[{"href":"https:\/\/www.feritbekaroglu.com\/en\/wp-json\/wp\/v2\/media?parent=518"}],"curies":[{"name":"wp","href":"https:\/\/api.w.org\/{rel}","templated":true}]}}