{"id":611,"date":"2026-02-10T12:21:05","date_gmt":"2026-02-10T12:21:05","guid":{"rendered":"https:\/\/www.feritbekaroglu.com\/?page_id=611"},"modified":"2026-02-10T12:31:18","modified_gmt":"2026-02-10T12:31:18","slug":"izgi-sena-cagras","status":"publish","type":"page","link":"https:\/\/www.feritbekaroglu.com\/en\/izgi-sena-cagras\/","title":{"rendered":"\u0130zgi Sena \u00c7a\u011fra\u015f"},"content":{"rendered":"<h1>\u0130zgi Sena \u00c7a\u011fra\u015f<\/h1>\n<p>\u0130zgi Sena \u00c7a\u011fra\u015f graduated from Ankara University of Social Sciences, Department of English Language and Literature in 2023. She has been working as a Sworn Translator for 2 years.<\/p>","protected":false},"excerpt":{"rendered":"<p>\u0130zgi Sena \u00c7a\u011fra\u015f graduated from Ankara University of Social Sciences, Department of English Language and Literature in 2023. She has been working as a \tSworn Translator for 2 years.<\/p>","protected":false},"author":1,"featured_media":620,"parent":0,"menu_order":0,"comment_status":"closed","ping_status":"closed","template":"","meta":{"footnotes":""},"class_list":["post-611","page","type-page","status-publish","has-post-thumbnail","hentry"],"_links":{"self":[{"href":"https:\/\/www.feritbekaroglu.com\/en\/wp-json\/wp\/v2\/pages\/611","targetHints":{"allow":["GET"]}}],"collection":[{"href":"https:\/\/www.feritbekaroglu.com\/en\/wp-json\/wp\/v2\/pages"}],"about":[{"href":"https:\/\/www.feritbekaroglu.com\/en\/wp-json\/wp\/v2\/types\/page"}],"author":[{"embeddable":true,"href":"https:\/\/www.feritbekaroglu.com\/en\/wp-json\/wp\/v2\/users\/1"}],"replies":[{"embeddable":true,"href":"https:\/\/www.feritbekaroglu.com\/en\/wp-json\/wp\/v2\/comments?post=611"}],"version-history":[{"count":3,"href":"https:\/\/www.feritbekaroglu.com\/en\/wp-json\/wp\/v2\/pages\/611\/revisions"}],"predecessor-version":[{"id":621,"href":"https:\/\/www.feritbekaroglu.com\/en\/wp-json\/wp\/v2\/pages\/611\/revisions\/621"}],"wp:featuredmedia":[{"embeddable":true,"href":"https:\/\/www.feritbekaroglu.com\/en\/wp-json\/wp\/v2\/media\/620"}],"wp:attachment":[{"href":"https:\/\/www.feritbekaroglu.com\/en\/wp-json\/wp\/v2\/media?parent=611"}],"curies":[{"name":"wp","href":"https:\/\/api.w.org\/{rel}","templated":true}]}}