{"id":72,"date":"2018-07-16T10:31:02","date_gmt":"2018-07-16T10:31:02","guid":{"rendered":"http:\/\/demo.acmethemes.com\/lawyer-zone\/?page_id=82"},"modified":"2025-07-02T12:39:05","modified_gmt":"2025-07-02T12:39:05","slug":"what-types-of-clients-use-lawyer-zone","status":"publish","type":"page","link":"https:\/\/www.feritbekaroglu.com\/en\/what-types-of-clients-use-lawyer-zone\/","title":{"rendered":"What costs are payable when filing a lawsuit?"},"content":{"rendered":"<p>Dava t\u00fcr\u00fcne g\u00f6re dava a\u00e7ma masraflar\u0131 ile mahkeme veznesine yat\u0131r\u0131lacak har\u00e7 ve \u00fccretler de\u011fi\u015fmektedir. Dava har\u00e7 ve masraflar\u0131n\u0131n yan\u0131nda dava t\u00fcr\u00fcne g\u00f6re de de\u011fi\u015fecek \u015fekilde delil toplanmas\u0131 gerekmektedir. Bilirki\u015fi g\u00f6r\u00fc\u015f\u00fcn\u00fcn al\u0131nmas\u0131, ke\u015fif yap\u0131lmas\u0131, taraf say\u0131s\u0131, dava t\u00fcr\u00fcne g\u00f6re dava esas de\u011feri \u00f6denecek \u00fccretleri de\u011fi\u015ftirecektir. Ayn\u0131 zamanda  Bekaro\u011flu Hukuk Ofisi\u2019nde m\u00fcvekkillere dava a\u015famalar\u0131n\u0131n tamam\u0131nda yap\u0131lan harcamalar \u015feffafl\u0131k ilkesine g\u00f6re y\u00f6netilmekte ve her a\u015famada m\u00fcvekkil \u00f6demelere ili\u015fkin fatura ve belgeler ula\u015ft\u0131r\u0131lmaktad\u0131r. Dava t\u00fcr\u00fcne g\u00f6re yaln\u0131zca masraflar de\u011fil; avukatl\u0131k \u00fccretleri de de\u011fi\u015fmektedir. Bu sebeple en do\u011fru bilgi i\u00e7in ileti\u015fime ge\u00e7menizi tavsiye ederiz.<\/p>\n<h1 style=\"position:absolute; left:-9999px; top:auto; width:1px; height:1px; overflow:hidden;\">What costs are payable when filing a lawsuit?<\/h1>","protected":false},"excerpt":{"rendered":"<p>Dava t\u00fcr\u00fcne g\u00f6re dava a\u00e7ma masraflar\u0131 ile mahkeme veznesine yat\u0131r\u0131lacak har\u00e7 ve \u00fccretler de\u011fi\u015fmektedir. Dava har\u00e7 ve masraflar\u0131n\u0131n yan\u0131nda dava t\u00fcr\u00fcne g\u00f6re de de\u011fi\u015fecek \u015fekilde delil toplanmas\u0131 gerekmektedir. Bilirki\u015fi g\u00f6r\u00fc\u015f\u00fcn\u00fcn al\u0131nmas\u0131, ke\u015fif yap\u0131lmas\u0131, taraf say\u0131s\u0131, dava t\u00fcr\u00fcne g\u00f6re dava esas de\u011feri \u00f6denecek \u00fccretleri de\u011fi\u015ftirecektir. Ayn\u0131 zamanda Bekaro\u011flu Hukuk Ofisi\u2019nde m\u00fcvekkillere dava a\u015famalar\u0131n\u0131n tamam\u0131nda yap\u0131lan harcamalar [&hellip;]<\/p>\n","protected":false},"author":1,"featured_media":406,"parent":0,"menu_order":0,"comment_status":"closed","ping_status":"closed","template":"","meta":{"footnotes":""},"class_list":["post-72","page","type-page","status-publish","has-post-thumbnail","hentry"],"_links":{"self":[{"href":"https:\/\/www.feritbekaroglu.com\/en\/wp-json\/wp\/v2\/pages\/72","targetHints":{"allow":["GET"]}}],"collection":[{"href":"https:\/\/www.feritbekaroglu.com\/en\/wp-json\/wp\/v2\/pages"}],"about":[{"href":"https:\/\/www.feritbekaroglu.com\/en\/wp-json\/wp\/v2\/types\/page"}],"author":[{"embeddable":true,"href":"https:\/\/www.feritbekaroglu.com\/en\/wp-json\/wp\/v2\/users\/1"}],"replies":[{"embeddable":true,"href":"https:\/\/www.feritbekaroglu.com\/en\/wp-json\/wp\/v2\/comments?post=72"}],"version-history":[{"count":3,"href":"https:\/\/www.feritbekaroglu.com\/en\/wp-json\/wp\/v2\/pages\/72\/revisions"}],"predecessor-version":[{"id":371,"href":"https:\/\/www.feritbekaroglu.com\/en\/wp-json\/wp\/v2\/pages\/72\/revisions\/371"}],"wp:featuredmedia":[{"embeddable":true,"href":"https:\/\/www.feritbekaroglu.com\/en\/wp-json\/wp\/v2\/media\/406"}],"wp:attachment":[{"href":"https:\/\/www.feritbekaroglu.com\/en\/wp-json\/wp\/v2\/media?parent=72"}],"curies":[{"name":"wp","href":"https:\/\/api.w.org\/{rel}","templated":true}]}}