{"id":74,"date":"2018-07-16T10:30:50","date_gmt":"2018-07-16T10:30:50","guid":{"rendered":"http:\/\/demo.acmethemes.com\/lawyer-zone\/?page_id=80"},"modified":"2025-06-30T02:33:04","modified_gmt":"2025-06-30T02:33:04","slug":"are-there-any-other-requirements-for-participating-in-the-network","status":"publish","type":"page","link":"https:\/\/www.feritbekaroglu.com\/en\/are-there-any-other-requirements-for-participating-in-the-network\/","title":{"rendered":"When will my case be concluded?"},"content":{"rendered":"<p>Davalar\u0131n ne kadar s\u00fcrede sonu\u00e7lanaca\u011f\u0131 davan\u0131z\u0131n t\u00fcr\u00fc ile do\u011frudan ilgilidir. Davan\u0131z\u0131n Aile, Ceza, \u0130dare, \u0130\u015f, T\u00fcketici, Asliye Hukuk, Asliye Ticaret, Sulh Hukuk ve di\u011fer mahkemelerden birinde g\u00f6r\u00fclmesi dava s\u00fcresini de\u011fi\u015ftirecektir. Ayn\u0131 zamanda davan\u0131z\u0131n hangi a\u015famada oldu\u011fu da s\u00fcreyi etkilemektedir. Bu sebeple davan\u0131z\u0131n biti\u015f s\u00fcresi; mahkemelerin i\u015f yo\u011funlu\u011funa, davan\u0131z\u0131n t\u00fcr\u00fcne , davan\u0131z\u0131n g\u00f6r\u00fclece\u011fi ildeki duru\u015fma s\u0131kl\u0131\u011f\u0131na, ba\u015fka yerlerden getirilecek delillerin toplanma s\u00fcrelerine ba\u011fl\u0131 olarak de\u011fi\u015fecektir.<\/p>\n<h1 style=\"position:absolute; left:-9999px; top:auto; width:1px; height:1px; overflow:hidden;\">When will my case be concluded?<\/h1>","protected":false},"excerpt":{"rendered":"<p>Davalar\u0131n ne kadar s\u00fcrede sonu\u00e7lanaca\u011f\u0131 davan\u0131z\u0131n t\u00fcr\u00fc ile do\u011frudan ilgilidir. Davan\u0131z\u0131n Aile, Ceza, \u0130dare, \u0130\u015f, T\u00fcketici, Asliye Hukuk, Asliye Ticaret, Sulh Hukuk ve di\u011fer mahkemelerden birinde g\u00f6r\u00fclmesi dava s\u00fcresini de\u011fi\u015ftirecektir. Ayn\u0131 zamanda davan\u0131z\u0131n hangi a\u015famada oldu\u011fu da s\u00fcreyi etkilemektedir. Bu sebeple davan\u0131z\u0131n biti\u015f s\u00fcresi; mahkemelerin i\u015f yo\u011funlu\u011funa, davan\u0131z\u0131n t\u00fcr\u00fcne , davan\u0131z\u0131n g\u00f6r\u00fclece\u011fi ildeki duru\u015fma s\u0131kl\u0131\u011f\u0131na, [&hellip;]<\/p>\n","protected":false},"author":1,"featured_media":0,"parent":0,"menu_order":0,"comment_status":"closed","ping_status":"closed","template":"","meta":{"footnotes":""},"class_list":["post-74","page","type-page","status-publish","hentry"],"_links":{"self":[{"href":"https:\/\/www.feritbekaroglu.com\/en\/wp-json\/wp\/v2\/pages\/74","targetHints":{"allow":["GET"]}}],"collection":[{"href":"https:\/\/www.feritbekaroglu.com\/en\/wp-json\/wp\/v2\/pages"}],"about":[{"href":"https:\/\/www.feritbekaroglu.com\/en\/wp-json\/wp\/v2\/types\/page"}],"author":[{"embeddable":true,"href":"https:\/\/www.feritbekaroglu.com\/en\/wp-json\/wp\/v2\/users\/1"}],"replies":[{"embeddable":true,"href":"https:\/\/www.feritbekaroglu.com\/en\/wp-json\/wp\/v2\/comments?post=74"}],"version-history":[{"count":5,"href":"https:\/\/www.feritbekaroglu.com\/en\/wp-json\/wp\/v2\/pages\/74\/revisions"}],"predecessor-version":[{"id":372,"href":"https:\/\/www.feritbekaroglu.com\/en\/wp-json\/wp\/v2\/pages\/74\/revisions\/372"}],"wp:attachment":[{"href":"https:\/\/www.feritbekaroglu.com\/en\/wp-json\/wp\/v2\/media?parent=74"}],"curies":[{"name":"wp","href":"https:\/\/api.w.org\/{rel}","templated":true}]}}